{"id":19,"date":"2021-11-29T07:17:57","date_gmt":"2021-11-29T07:17:57","guid":{"rendered":"https:\/\/waxi4.org\/?page_id=19"},"modified":"2023-06-15T12:05:24","modified_gmt":"2023-06-15T04:05:24","slug":"news-and-events","status":"publish","type":"page","link":"https:\/\/waxi4.org\/fr\/news-and-events\/","title":{"rendered":"Infos et Ev\u00e8nements"},"content":{"rendered":"<div data-elementor-type=\"wp-page\" data-elementor-id=\"19\" class=\"elementor elementor-19\" data-elementor-settings=\"{&quot;ha_cmc_init_switcher&quot;:&quot;no&quot;}\" data-elementor-post-type=\"page\">\n\t\t\t\t\t\t<section class=\"elementor-section elementor-top-section elementor-element elementor-element-7bc7239 elementor-section-stretched elementor-section-content-middle elementor-section-boxed elementor-section-height-default elementor-section-height-default\" data-id=\"7bc7239\" data-element_type=\"section\" data-e-type=\"section\" data-settings=\"{&quot;stretch_section&quot;:&quot;section-stretched&quot;}\">\n\t\t\t\t\t\t<div class=\"elementor-container elementor-column-gap-wider\">\n\t\t\t\t\t<div class=\"elementor-column elementor-col-100 elementor-top-column elementor-element elementor-element-53e653f\" data-id=\"53e653f\" data-element_type=\"column\" data-e-type=\"column\">\n\t\t\t<div class=\"elementor-widget-wrap elementor-element-populated\">\n\t\t\t\t\t\t<section class=\"elementor-section elementor-inner-section elementor-element elementor-element-1444e85 elementor-section-boxed elementor-section-height-default elementor-section-height-default\" data-id=\"1444e85\" data-element_type=\"section\" data-e-type=\"section\">\n\t\t\t\t\t\t<div class=\"elementor-container elementor-column-gap-wider\">\n\t\t\t\t\t<div class=\"elementor-column elementor-col-100 elementor-inner-column elementor-element elementor-element-ac90fac\" data-id=\"ac90fac\" data-element_type=\"column\" data-e-type=\"column\">\n\t\t\t<div class=\"elementor-widget-wrap elementor-element-populated\">\n\t\t\t\t\t\t<div class=\"elementor-element elementor-element-c949bdd elementor-widget elementor-widget-heading\" data-id=\"c949bdd\" data-element_type=\"widget\" data-e-type=\"widget\" data-widget_type=\"heading.default\">\n\t\t\t\t<div class=\"elementor-widget-container\">\n\t\t\t\t\t<h4 class=\"elementor-heading-title elementor-size-default\">Infos et Ev\u00e8nements<\/h4>\t\t\t\t<\/div>\n\t\t\t\t<\/div>\n\t\t\t\t<div class=\"elementor-element elementor-element-887ee01 elementor-widget elementor-widget-spacer\" data-id=\"887ee01\" data-element_type=\"widget\" data-e-type=\"widget\" data-widget_type=\"spacer.default\">\n\t\t\t\t<div class=\"elementor-widget-container\">\n\t\t\t\t\t\t\t<div class=\"elementor-spacer\">\n\t\t\t<div class=\"elementor-spacer-inner\"><\/div>\n\t\t<\/div>\n\t\t\t\t\t\t<\/div>\n\t\t\t\t<\/div>\n\t\t\t\t<div class=\"elementor-element elementor-element-63ce6bb elementor-widget elementor-widget-spacer\" data-id=\"63ce6bb\" data-element_type=\"widget\" data-e-type=\"widget\" data-widget_type=\"spacer.default\">\n\t\t\t\t<div class=\"elementor-widget-container\">\n\t\t\t\t\t\t\t<div class=\"elementor-spacer\">\n\t\t\t<div class=\"elementor-spacer-inner\"><\/div>\n\t\t<\/div>\n\t\t\t\t\t\t<\/div>\n\t\t\t\t<\/div>\n\t\t\t\t\t<\/div>\n\t\t<\/div>\n\t\t\t\t\t<\/div>\n\t\t<\/section>\n\t\t\t\t\t<\/div>\n\t\t<\/div>\n\t\t\t\t\t<\/div>\n\t\t<\/section>\n\t\t\t\t<section class=\"elementor-section elementor-top-section elementor-element elementor-element-ce653d4 elementor-section-boxed elementor-section-height-default elementor-section-height-default\" data-id=\"ce653d4\" data-element_type=\"section\" data-e-type=\"section\">\n\t\t\t\t\t\t<div class=\"elementor-container elementor-column-gap-default\">\n\t\t\t\t\t<div class=\"elementor-column elementor-col-100 elementor-top-column elementor-element elementor-element-6fb9312\" data-id=\"6fb9312\" data-element_type=\"column\" data-e-type=\"column\">\n\t\t\t<div class=\"elementor-widget-wrap elementor-element-populated\">\n\t\t\t\t\t\t<section class=\"elementor-section elementor-inner-section elementor-element elementor-element-aa42787 elementor-section-boxed elementor-section-height-default elementor-section-height-default\" data-id=\"aa42787\" data-element_type=\"section\" data-e-type=\"section\">\n\t\t\t\t\t\t<div class=\"elementor-container elementor-column-gap-default\">\n\t\t\t\t\t<div class=\"elementor-column elementor-col-50 elementor-inner-column elementor-element elementor-element-2605a2e\" data-id=\"2605a2e\" data-element_type=\"column\" data-e-type=\"column\">\n\t\t\t<div class=\"elementor-widget-wrap elementor-element-populated\">\n\t\t\t\t\t\t<div class=\"elementor-element elementor-element-1b4a14e elementor-widget elementor-widget-image\" data-id=\"1b4a14e\" data-element_type=\"widget\" data-e-type=\"widget\" data-widget_type=\"image.default\">\n\t\t\t\t<div class=\"elementor-widget-container\">\n\t\t\t\t\t\t\t\t\t\t\t\t\t\t\t<img decoding=\"async\" width=\"150\" height=\"150\" src=\"https:\/\/waxi4.org\/wp-content\/uploads\/2023\/06\/Geosciences-in-West-Africa-and-Magreb-June-2023-150x150.jpg\" class=\"attachment-thumbnail size-thumbnail wp-image-51199\" alt=\"\" \/>\t\t\t\t\t\t\t\t\t\t\t\t\t\t\t<\/div>\n\t\t\t\t<\/div>\n\t\t\t\t\t<\/div>\n\t\t<\/div>\n\t\t\t\t<div class=\"elementor-column elementor-col-50 elementor-inner-column elementor-element elementor-element-43acfa5\" data-id=\"43acfa5\" data-element_type=\"column\" data-e-type=\"column\">\n\t\t\t<div class=\"elementor-widget-wrap elementor-element-populated\">\n\t\t\t\t\t\t<div class=\"elementor-element elementor-element-b7ae332 elementor-widget elementor-widget-text-editor\" data-id=\"b7ae332\" data-element_type=\"widget\" data-e-type=\"widget\" data-widget_type=\"text-editor.default\">\n\t\t\t\t<div class=\"elementor-widget-container\">\n\t\t\t\t\t\t\t\t\t<p><a href=\"https:\/\/mailchi.mp\/e740204eb468\/newsletter-geosciences-in-west-african-and-maghreb-20261594?e=ca1d3f7148\">Access the Geosciences in West Africa and Maghreb Newsletter<\/a><\/p>\t\t\t\t\t\t\t\t<\/div>\n\t\t\t\t<\/div>\n\t\t\t\t\t<\/div>\n\t\t<\/div>\n\t\t\t\t\t<\/div>\n\t\t<\/section>\n\t\t\t\t\t<\/div>\n\t\t<\/div>\n\t\t\t\t\t<\/div>\n\t\t<\/section>\n\t\t\t\t<section class=\"elementor-section elementor-top-section elementor-element elementor-element-c270917 elementor-section-boxed elementor-section-height-default elementor-section-height-default\" data-id=\"c270917\" data-element_type=\"section\" data-e-type=\"section\">\n\t\t\t\t\t\t<div class=\"elementor-container elementor-column-gap-default\">\n\t\t\t\t\t<div class=\"elementor-column elementor-col-100 elementor-top-column elementor-element elementor-element-560b0c8\" data-id=\"560b0c8\" data-element_type=\"column\" data-e-type=\"column\">\n\t\t\t<div class=\"elementor-widget-wrap elementor-element-populated\">\n\t\t\t\t\t\t<section class=\"elementor-section elementor-inner-section elementor-element elementor-element-5d418e6 elementor-section-boxed elementor-section-height-default elementor-section-height-default\" data-id=\"5d418e6\" data-element_type=\"section\" data-e-type=\"section\">\n\t\t\t\t\t\t<div class=\"elementor-container elementor-column-gap-default\">\n\t\t\t\t\t<div class=\"elementor-column elementor-col-50 elementor-inner-column elementor-element elementor-element-5408d26\" data-id=\"5408d26\" data-element_type=\"column\" data-e-type=\"column\">\n\t\t\t<div class=\"elementor-widget-wrap elementor-element-populated\">\n\t\t\t\t\t\t<div class=\"elementor-element elementor-element-eb4cf6a elementor-widget elementor-widget-image\" data-id=\"eb4cf6a\" data-element_type=\"widget\" data-e-type=\"widget\" data-widget_type=\"image.default\">\n\t\t\t\t<div class=\"elementor-widget-container\">\n\t\t\t\t\t\t\t\t\t\t\t\t\t\t\t<img decoding=\"async\" width=\"150\" height=\"150\" src=\"https:\/\/waxi4.org\/wp-content\/uploads\/2023\/06\/IMG_0885_resize-150x150.jpg\" class=\"attachment-thumbnail size-thumbnail wp-image-51184\" alt=\"\" \/>\t\t\t\t\t\t\t\t\t\t\t\t\t\t\t<\/div>\n\t\t\t\t<\/div>\n\t\t\t\t\t<\/div>\n\t\t<\/div>\n\t\t\t\t<div class=\"elementor-column elementor-col-50 elementor-inner-column elementor-element elementor-element-5a21b8c\" data-id=\"5a21b8c\" data-element_type=\"column\" data-e-type=\"column\">\n\t\t\t<div class=\"elementor-widget-wrap elementor-element-populated\">\n\t\t\t\t\t\t<div class=\"elementor-element elementor-element-00c0da6 elementor-widget elementor-widget-text-editor\" data-id=\"00c0da6\" data-element_type=\"widget\" data-e-type=\"widget\" data-widget_type=\"text-editor.default\">\n\t\t\t\t<div class=\"elementor-widget-container\">\n\t\t\t\t\t\t\t\t\t<p><strong>Les derni\u00e8res avanc\u00e9es sur la g\u00e9ologie du sillon de Toumodi-F\u00e9t\u00e9kro<\/strong> (C\u00f4te d\u2019Ivoire) par <strong>Patrick HAYMAN<\/strong> (\u00c9cole des Sciences de la Terre et de l\u2019Atmosph\u00e8re, Universit\u00e9 de Technologie du Queensland, Brisbane, QLD 4000, Australie).\u00a0<\/p><p><strong>Vendredi 02 Juin 2023 \u00e0 10h,<\/strong> Salle de conf\u00e9rence de l\u2019UFR-STRM, (Universit\u00e9 F\u00e9lix Houphou\u00ebt-Boigny).<\/p>\t\t\t\t\t\t\t\t<\/div>\n\t\t\t\t<\/div>\n\t\t\t\t\t<\/div>\n\t\t<\/div>\n\t\t\t\t\t<\/div>\n\t\t<\/section>\n\t\t\t\t\t<\/div>\n\t\t<\/div>\n\t\t\t\t\t<\/div>\n\t\t<\/section>\n\t\t\t\t<section class=\"elementor-section elementor-top-section elementor-element elementor-element-d173ce7 elementor-section-boxed elementor-section-height-default elementor-section-height-default\" data-id=\"d173ce7\" data-element_type=\"section\" data-e-type=\"section\">\n\t\t\t\t\t\t<div class=\"elementor-container elementor-column-gap-default\">\n\t\t\t\t\t<div class=\"elementor-column elementor-col-100 elementor-top-column elementor-element elementor-element-f52c08e\" data-id=\"f52c08e\" data-element_type=\"column\" data-e-type=\"column\">\n\t\t\t<div class=\"elementor-widget-wrap elementor-element-populated\">\n\t\t\t\t\t\t<div class=\"elementor-element elementor-element-afc695b elementor-widget elementor-widget-text-editor\" data-id=\"afc695b\" data-element_type=\"widget\" data-e-type=\"widget\" data-widget_type=\"text-editor.default\">\n\t\t\t\t<div class=\"elementor-widget-container\">\n\t\t\t\t\t\t\t\t\t<p><a href=\"https:\/\/waxi4.org\/fr\/igcp-638-conference\/\" target=\"_blank\" rel=\"noopener\">IGCP 638 Conference information<\/a><\/p>\t\t\t\t\t\t\t\t<\/div>\n\t\t\t\t<\/div>\n\t\t\t\t\t<\/div>\n\t\t<\/div>\n\t\t\t\t\t<\/div>\n\t\t<\/section>\n\t\t\t\t<section class=\"elementor-section elementor-top-section elementor-element elementor-element-d959154 elementor-section-boxed elementor-section-height-default elementor-section-height-default\" data-id=\"d959154\" data-element_type=\"section\" data-e-type=\"section\">\n\t\t\t\t\t\t<div class=\"elementor-container elementor-column-gap-default\">\n\t\t\t\t\t<div class=\"elementor-column elementor-col-100 elementor-top-column elementor-element elementor-element-c8bc81c\" data-id=\"c8bc81c\" data-element_type=\"column\" data-e-type=\"column\">\n\t\t\t<div class=\"elementor-widget-wrap elementor-element-populated\">\n\t\t\t\t\t\t<div class=\"elementor-element elementor-element-7c031cd elementor-widget elementor-widget-text-editor\" data-id=\"7c031cd\" data-element_type=\"widget\" data-e-type=\"widget\" data-widget_type=\"text-editor.default\">\n\t\t\t\t<div class=\"elementor-widget-container\">\n\t\t\t\t\t\t\t\t\t<p>Exploration Radio Intervew on WAXI, SAXI and Agate Project Ltd<\/p>\n<p><span style=\"color: var(--the7-base-color); letter-spacing: var(--the7-base-letter-spacing); text-transform: var(--the7-base-text-transform); word-spacing: normal;\">&nbsp;<\/span><\/p>\n<p><iframe style=\"border: none;\" title=\"Libsyn Player\" src=\"\/\/html5-player.libsyn.com\/embed\/episode\/id\/21511103\/height\/90\/theme\/custom\/thumbnail\/yes\/direction\/backward\/render-playlist\/no\/custom-color\/000000\/\" width=\"100%\" height=\"90\" scrolling=\"no\" allowfullscreen=\"allowfullscreen\"><\/iframe><\/p>\t\t\t\t\t\t\t\t<\/div>\n\t\t\t\t<\/div>\n\t\t\t\t\t<\/div>\n\t\t<\/div>\n\t\t\t\t\t<\/div>\n\t\t<\/section>\n\t\t\t\t<section class=\"elementor-section elementor-top-section elementor-element elementor-element-fd089e2 elementor-section-boxed elementor-section-height-default elementor-section-height-default\" data-id=\"fd089e2\" data-element_type=\"section\" data-e-type=\"section\">\n\t\t\t\t\t\t<div class=\"elementor-container elementor-column-gap-default\">\n\t\t\t\t\t<div class=\"elementor-column elementor-col-100 elementor-top-column elementor-element elementor-element-faff89c\" data-id=\"faff89c\" data-element_type=\"column\" data-e-type=\"column\">\n\t\t\t<div class=\"elementor-widget-wrap elementor-element-populated\">\n\t\t\t\t\t\t<div class=\"elementor-element elementor-element-e5443dc elementor-drop-cap-yes elementor-drop-cap-view-default elementor-widget elementor-widget-text-editor\" data-id=\"e5443dc\" data-element_type=\"widget\" data-e-type=\"widget\" data-settings=\"{&quot;drop_cap&quot;:&quot;yes&quot;}\" data-widget_type=\"text-editor.default\">\n\t\t\t\t<div class=\"elementor-widget-container\">\n\t\t\t\t\t\t\t\t\t<p><img decoding=\"async\" class=\"alignnone size-thumbnail wp-image-50642\" src=\"https:\/\/waxi4.org\/wp-content\/uploads\/2021\/12\/IntMiner-150x150.jpg\" alt=\"\" width=\"150\" height=\"150\" srcset=\"https:\/\/waxi4.org\/wp-content\/uploads\/2021\/12\/IntMiner-150x150.jpg 150w, https:\/\/waxi4.org\/wp-content\/uploads\/2021\/12\/IntMiner-300x300.jpg 300w, https:\/\/waxi4.org\/wp-content\/uploads\/2021\/12\/IntMiner-1024x1024.jpg 1024w, https:\/\/waxi4.org\/wp-content\/uploads\/2021\/12\/IntMiner-768x767.jpg 768w, https:\/\/waxi4.org\/wp-content\/uploads\/2021\/12\/IntMiner-12x12.jpg 12w, https:\/\/waxi4.org\/wp-content\/uploads\/2021\/12\/IntMiner.jpg 1124w\" sizes=\"(max-width: 150px) 100vw, 150px\" \/><\/p><p><span style=\"color: var(--the7-base-color); letter-spacing: var(--the7-base-letter-spacing); text-transform: var(--the7-base-text-transform); word-spacing: normal;\">The Intelligent Miner piece on WAXI &amp; SAXI<\/span><\/p>\n<p><a href=\"https:\/\/theintelligentminer.com\/2021\/12\/14\/exploring-value-beyond-minerals\/\" target=\"_blank\" rel=\"noopener\">Exploring value beyond minerals<\/a><\/p>\t\t\t\t\t\t\t\t<\/div>\n\t\t\t\t<\/div>\n\t\t\t\t\t<\/div>\n\t\t<\/div>\n\t\t\t\t\t<\/div>\n\t\t<\/section>\n\t\t\t\t<\/div>","protected":false},"excerpt":{"rendered":"<p>News and Events Access the Geosciences in West Africa and Maghreb Newsletter Les derni\u00e8res avanc\u00e9es sur la g\u00e9ologie du sillon de Toumodi-F\u00e9t\u00e9kro (C\u00f4te d\u2019Ivoire) par Patrick HAYMAN (\u00c9cole des Sciences de la Terre et de l\u2019Atmosph\u00e8re, Universit\u00e9 de Technologie du Queensland, Brisbane, QLD 4000, Australie).\u00a0 Vendredi 02 Juin 2023 \u00e0 10h, Salle de conf\u00e9rence de&hellip;<\/p>","protected":false},"author":1,"featured_media":0,"parent":0,"menu_order":5,"comment_status":"closed","ping_status":"closed","template":"elementor_header_footer","meta":{"footnotes":""},"class_list":["post-19","page","type-page","status-publish","hentry"],"_links":{"self":[{"href":"https:\/\/waxi4.org\/fr\/wp-json\/wp\/v2\/pages\/19","targetHints":{"allow":["GET"]}}],"collection":[{"href":"https:\/\/waxi4.org\/fr\/wp-json\/wp\/v2\/pages"}],"about":[{"href":"https:\/\/waxi4.org\/fr\/wp-json\/wp\/v2\/types\/page"}],"author":[{"embeddable":true,"href":"https:\/\/waxi4.org\/fr\/wp-json\/wp\/v2\/users\/1"}],"replies":[{"embeddable":true,"href":"https:\/\/waxi4.org\/fr\/wp-json\/wp\/v2\/comments?post=19"}],"version-history":[{"count":52,"href":"https:\/\/waxi4.org\/fr\/wp-json\/wp\/v2\/pages\/19\/revisions"}],"predecessor-version":[{"id":51208,"href":"https:\/\/waxi4.org\/fr\/wp-json\/wp\/v2\/pages\/19\/revisions\/51208"}],"wp:attachment":[{"href":"https:\/\/waxi4.org\/fr\/wp-json\/wp\/v2\/media?parent=19"}],"curies":[{"name":"wp","href":"https:\/\/api.w.org\/{rel}","templated":true}]}}