{"id":29,"date":"2021-11-29T07:23:10","date_gmt":"2021-11-29T07:23:10","guid":{"rendered":"https:\/\/waxi4.org\/?page_id=29"},"modified":"2022-01-02T13:28:39","modified_gmt":"2022-01-02T05:28:39","slug":"research-groups","status":"publish","type":"page","link":"https:\/\/waxi4.org\/fr\/partners\/research-groups\/","title":{"rendered":"Groupes de recherche"},"content":{"rendered":"<div data-elementor-type=\"wp-page\" data-elementor-id=\"29\" class=\"elementor elementor-29\" data-elementor-settings=\"{&quot;ha_cmc_init_switcher&quot;:&quot;no&quot;}\" data-elementor-post-type=\"page\">\n\t\t\t\t\t\t<section class=\"elementor-section elementor-top-section elementor-element elementor-element-19e6816 elementor-section-stretched elementor-section-content-middle elementor-section-boxed elementor-section-height-default elementor-section-height-default\" data-id=\"19e6816\" data-element_type=\"section\" data-e-type=\"section\" data-settings=\"{&quot;stretch_section&quot;:&quot;section-stretched&quot;}\">\n\t\t\t\t\t\t<div class=\"elementor-container elementor-column-gap-wider\">\n\t\t\t\t\t<div class=\"elementor-column elementor-col-100 elementor-top-column elementor-element elementor-element-fcb297a\" data-id=\"fcb297a\" data-element_type=\"column\" data-e-type=\"column\">\n\t\t\t<div class=\"elementor-widget-wrap elementor-element-populated\">\n\t\t\t\t\t\t<section class=\"elementor-section elementor-inner-section elementor-element elementor-element-92896d6 elementor-section-boxed elementor-section-height-default elementor-section-height-default\" data-id=\"92896d6\" data-element_type=\"section\" data-e-type=\"section\">\n\t\t\t\t\t\t<div class=\"elementor-container elementor-column-gap-wider\">\n\t\t\t\t\t<div class=\"elementor-column elementor-col-100 elementor-inner-column elementor-element elementor-element-e6a2ca1\" data-id=\"e6a2ca1\" data-element_type=\"column\" data-e-type=\"column\">\n\t\t\t<div class=\"elementor-widget-wrap elementor-element-populated\">\n\t\t\t\t\t\t<div class=\"elementor-element elementor-element-0df0991 elementor-widget elementor-widget-heading\" data-id=\"0df0991\" data-element_type=\"widget\" data-e-type=\"widget\" data-widget_type=\"heading.default\">\n\t\t\t\t<div class=\"elementor-widget-container\">\n\t\t\t\t\t<h4 class=\"elementor-heading-title elementor-size-default\">Groupes de recherche<\/h4>\t\t\t\t<\/div>\n\t\t\t\t<\/div>\n\t\t\t\t<div class=\"elementor-element elementor-element-3621ea0 elementor-widget elementor-widget-spacer\" data-id=\"3621ea0\" data-element_type=\"widget\" data-e-type=\"widget\" data-widget_type=\"spacer.default\">\n\t\t\t\t<div class=\"elementor-widget-container\">\n\t\t\t\t\t\t\t<div class=\"elementor-spacer\">\n\t\t\t<div class=\"elementor-spacer-inner\"><\/div>\n\t\t<\/div>\n\t\t\t\t\t\t<\/div>\n\t\t\t\t<\/div>\n\t\t\t\t<div class=\"elementor-element elementor-element-b69fd66 elementor-widget elementor-widget-heading\" data-id=\"b69fd66\" data-element_type=\"widget\" data-e-type=\"widget\" data-widget_type=\"heading.default\">\n\t\t\t\t<div class=\"elementor-widget-container\">\n\t\t\t\t\t<h4 class=\"elementor-heading-title elementor-size-default\">Les partenaires de recherche et de renforcement des capacit\u00e9s impliqu\u00e9s dans l'\u00e9tape 4 du projet sont\u00a0:<\/h4>\t\t\t\t<\/div>\n\t\t\t\t<\/div>\n\t\t\t\t<div class=\"elementor-element elementor-element-822bbf1 elementor-widget elementor-widget-spacer\" data-id=\"822bbf1\" data-element_type=\"widget\" data-e-type=\"widget\" data-widget_type=\"spacer.default\">\n\t\t\t\t<div class=\"elementor-widget-container\">\n\t\t\t\t\t\t\t<div class=\"elementor-spacer\">\n\t\t\t<div class=\"elementor-spacer-inner\"><\/div>\n\t\t<\/div>\n\t\t\t\t\t\t<\/div>\n\t\t\t\t<\/div>\n\t\t\t\t<div class=\"elementor-element elementor-element-9b7b59c ha-logo-grid--tictactoe ha-logo-grid--col-4 ha-logo-grid--col--tablet2 ha-logo-grid--col--mobile2 elementor-widget elementor-widget-ha-logo-grid happy-addon ha-logo-grid\" data-id=\"9b7b59c\" data-element_type=\"widget\" data-e-type=\"widget\" data-widget_type=\"ha-logo-grid.default\">\n\t\t\t\t<div class=\"elementor-widget-container\">\n\t\t\t\t\t\n        <div class=\"ha-logo-grid-wrapper\">\n                            <a class=\"ha-logo-grid-item ha-logo-grid-link\" href=\"https:\/\/www.bgs.ac.uk\/\" target=\"_blank\" rel=\"nofollow\">\n                    <figure class=\"ha-logo-grid-figure\">\n                    <img decoding=\"async\" width=\"250\" height=\"104\" src=\"https:\/\/waxi4.org\/wp-content\/uploads\/2021\/12\/British-Geological-Survey.png\" class=\"ha-logo-grid-img elementor-animation-\" alt=\"\" \/>                    <\/figure>\n                <\/a>\n                            <a class=\"ha-logo-grid-item ha-logo-grid-link\" href=\"https:\/\/www.cnrs.fr\/\" target=\"_blank\" rel=\"nofollow\">\n                    <figure class=\"ha-logo-grid-figure\">\n                    <img decoding=\"async\" width=\"200\" height=\"200\" src=\"https:\/\/waxi4.org\/wp-content\/uploads\/2021\/12\/CNRS-1.png\" class=\"ha-logo-grid-img elementor-animation-\" alt=\"\" srcset=\"https:\/\/waxi4.org\/wp-content\/uploads\/2021\/12\/CNRS-1.png 200w, https:\/\/waxi4.org\/wp-content\/uploads\/2021\/12\/CNRS-1-150x150.png 150w\" sizes=\"(max-width: 200px) 100vw, 200px\" \/>                    <\/figure>\n                <\/a>\n                            <div class=\"ha-logo-grid-item\">\n                    <figure class=\"ha-logo-grid-figure\">\n                    <img decoding=\"async\" width=\"200\" height=\"100\" src=\"https:\/\/waxi4.org\/wp-content\/uploads\/2021\/12\/Consultant.png\" class=\"ha-logo-grid-img elementor-animation-\" alt=\"\" \/>                    <\/figure>\n                <\/div>\n                            <a class=\"ha-logo-grid-item ha-logo-grid-link\" href=\"https:\/\/www.geoscience.org.za\/\" target=\"_blank\" rel=\"nofollow\">\n                    <figure class=\"ha-logo-grid-figure\">\n                    <img loading=\"lazy\" decoding=\"async\" width=\"253\" height=\"107\" src=\"https:\/\/waxi4.org\/wp-content\/uploads\/2021\/12\/Council-for-Geoscience.png\" class=\"ha-logo-grid-img elementor-animation-\" alt=\"\" \/>                    <\/figure>\n                <\/a>\n                            <a class=\"ha-logo-grid-item ha-logo-grid-link\" href=\"https:\/\/www.csiro.au\" target=\"_blank\" rel=\"nofollow\">\n                    <figure class=\"ha-logo-grid-figure\">\n                    <img loading=\"lazy\" decoding=\"async\" width=\"200\" height=\"200\" src=\"https:\/\/waxi4.org\/wp-content\/uploads\/2021\/12\/CSIRO-1.png\" class=\"ha-logo-grid-img elementor-animation-\" alt=\"\" srcset=\"https:\/\/waxi4.org\/wp-content\/uploads\/2021\/12\/CSIRO-1.png 200w, https:\/\/waxi4.org\/wp-content\/uploads\/2021\/12\/CSIRO-1-150x150.png 150w\" sizes=\"(max-width: 200px) 100vw, 200px\" \/>                    <\/figure>\n                <\/a>\n                            <a class=\"ha-logo-grid-item ha-logo-grid-link\" href=\"https:\/\/www.facebook.com\/emigiens\" target=\"_blank\" rel=\"nofollow\">\n                    <figure class=\"ha-logo-grid-figure\">\n                    <img loading=\"lazy\" decoding=\"async\" width=\"537\" height=\"165\" src=\"https:\/\/waxi4.org\/wp-content\/uploads\/2021\/12\/Ecole-des-mines-de-lindustrie-et-de-la-geologie-EMIG-Niamey.jpg\" class=\"ha-logo-grid-img elementor-animation-\" alt=\"\" srcset=\"https:\/\/waxi4.org\/wp-content\/uploads\/2021\/12\/Ecole-des-mines-de-lindustrie-et-de-la-geologie-EMIG-Niamey.jpg 537w, https:\/\/waxi4.org\/wp-content\/uploads\/2021\/12\/Ecole-des-mines-de-lindustrie-et-de-la-geologie-EMIG-Niamey-300x92.jpg 300w\" sizes=\"(max-width: 537px) 100vw, 537px\" \/>                    <\/figure>\n                <\/a>\n                            <a class=\"ha-logo-grid-item ha-logo-grid-link\" href=\"https:\/\/www.eni-abt.ml\/\" target=\"_blank\" rel=\"nofollow\">\n                    <figure class=\"ha-logo-grid-figure\">\n                    <img loading=\"lazy\" decoding=\"async\" width=\"190\" height=\"70\" src=\"https:\/\/waxi4.org\/wp-content\/uploads\/2021\/12\/ENIABT.png\" class=\"ha-logo-grid-img elementor-animation-\" alt=\"\" \/>                    <\/figure>\n                <\/a>\n                            <a class=\"ha-logo-grid-item ha-logo-grid-link\" href=\"http:\/\/www.ens-lyon.fr\/\" target=\"_blank\" rel=\"nofollow\">\n                    <figure class=\"ha-logo-grid-figure\">\n                    <img loading=\"lazy\" decoding=\"async\" width=\"300\" height=\"126\" src=\"https:\/\/waxi4.org\/wp-content\/uploads\/2021\/12\/ENS-Lyon.png\" class=\"ha-logo-grid-img elementor-animation-\" alt=\"\" \/>                    <\/figure>\n                <\/a>\n                            <a class=\"ha-logo-grid-item ha-logo-grid-link\" href=\"https:\/\/www.uibk.ac.at\" target=\"_blank\" rel=\"nofollow\">\n                    <figure class=\"ha-logo-grid-figure\">\n                    <img loading=\"lazy\" decoding=\"async\" width=\"300\" height=\"78\" src=\"https:\/\/waxi4.org\/wp-content\/uploads\/2021\/12\/Innsbruck-University.png\" class=\"ha-logo-grid-img elementor-animation-\" alt=\"\" \/>                    <\/figure>\n                <\/a>\n                            <a class=\"ha-logo-grid-item ha-logo-grid-link\" href=\"https:\/\/inphb.ci\" target=\"_blank\" rel=\"nofollow\">\n                    <figure class=\"ha-logo-grid-figure\">\n                    <img loading=\"lazy\" decoding=\"async\" width=\"200\" height=\"197\" src=\"https:\/\/waxi4.org\/wp-content\/uploads\/2021\/12\/INPHB.png\" class=\"ha-logo-grid-img elementor-animation-\" alt=\"\" \/>                    <\/figure>\n                <\/a>\n                            <a class=\"ha-logo-grid-item ha-logo-grid-link\" href=\"https:\/\/www.ird.fr\/\" target=\"_blank\" rel=\"nofollow\">\n                    <figure class=\"ha-logo-grid-figure\">\n                    <img loading=\"lazy\" decoding=\"async\" width=\"600\" height=\"213\" src=\"https:\/\/waxi4.org\/wp-content\/uploads\/2021\/12\/IRD.png\" class=\"ha-logo-grid-img elementor-animation-\" alt=\"\" srcset=\"https:\/\/waxi4.org\/wp-content\/uploads\/2021\/12\/IRD.png 600w, https:\/\/waxi4.org\/wp-content\/uploads\/2021\/12\/IRD-300x107.png 300w\" sizes=\"(max-width: 600px) 100vw, 600px\" \/>                    <\/figure>\n                <\/a>\n                            <a class=\"ha-logo-grid-item ha-logo-grid-link\" href=\"https:\/\/laurentian.ca\/\" target=\"_blank\" rel=\"nofollow\">\n                    <figure class=\"ha-logo-grid-figure\">\n                    <img loading=\"lazy\" decoding=\"async\" width=\"552\" height=\"99\" src=\"https:\/\/waxi4.org\/wp-content\/uploads\/2021\/12\/Laurentian-University.png\" class=\"ha-logo-grid-img elementor-animation-\" alt=\"\" srcset=\"https:\/\/waxi4.org\/wp-content\/uploads\/2021\/12\/Laurentian-University.png 552w, https:\/\/waxi4.org\/wp-content\/uploads\/2021\/12\/Laurentian-University-300x54.png 300w\" sizes=\"(max-width: 552px) 100vw, 552px\" \/>                    <\/figure>\n                <\/a>\n                            <a class=\"ha-logo-grid-item ha-logo-grid-link\" href=\"https:\/\/www.minesgeologie.gouv.sn\/\" target=\"_blank\" rel=\"nofollow\">\n                    <figure class=\"ha-logo-grid-figure\">\n                    <img loading=\"lazy\" decoding=\"async\" width=\"300\" height=\"160\" src=\"https:\/\/waxi4.org\/wp-content\/uploads\/2021\/12\/Ministry-of-Mines-and-Geology-of-Republic-of-Senegal-Dakar.jpg\" class=\"ha-logo-grid-img elementor-animation-\" alt=\"\" \/>                    <\/figure>\n                <\/a>\n                            <a class=\"ha-logo-grid-item ha-logo-grid-link\" href=\"https:\/\/www.qut.edu.au\/\" target=\"_blank\" rel=\"nofollow\">\n                    <figure class=\"ha-logo-grid-figure\">\n                    <img loading=\"lazy\" decoding=\"async\" width=\"200\" height=\"200\" src=\"https:\/\/waxi4.org\/wp-content\/uploads\/2021\/12\/QUT-1.png\" class=\"ha-logo-grid-img elementor-animation-\" alt=\"\" srcset=\"https:\/\/waxi4.org\/wp-content\/uploads\/2021\/12\/QUT-1.png 200w, https:\/\/waxi4.org\/wp-content\/uploads\/2021\/12\/QUT-1-150x150.png 150w\" sizes=\"(max-width: 200px) 100vw, 200px\" \/>                    <\/figure>\n                <\/a>\n                            <a class=\"ha-logo-grid-item ha-logo-grid-link\" href=\"https:\/\/ttgeo.com\/\" target=\"_blank\" rel=\"nofollow\">\n                    <figure class=\"ha-logo-grid-figure\">\n                    <img loading=\"lazy\" decoding=\"async\" width=\"300\" height=\"145\" src=\"https:\/\/waxi4.org\/wp-content\/uploads\/2021\/12\/TTGEO-1.png\" class=\"ha-logo-grid-img elementor-animation-\" alt=\"\" \/>                    <\/figure>\n                <\/a>\n                            <a class=\"ha-logo-grid-item ha-logo-grid-link\" href=\"https:\/\/uac.bj\/\" target=\"_blank\" rel=\"nofollow\">\n                    <figure class=\"ha-logo-grid-figure\">\n                    <img loading=\"lazy\" decoding=\"async\" width=\"257\" height=\"65\" src=\"https:\/\/waxi4.org\/wp-content\/uploads\/2021\/12\/Universite-dAbomey-Calavi.jpg\" class=\"ha-logo-grid-img elementor-animation-\" alt=\"\" \/>                    <\/figure>\n                <\/a>\n                            <a class=\"ha-logo-grid-item ha-logo-grid-link\" href=\"https:\/\/www.univ-fhb.edu.ci\/\" target=\"_blank\" rel=\"nofollow\">\n                    <figure class=\"ha-logo-grid-figure\">\n                    <img loading=\"lazy\" decoding=\"async\" width=\"150\" height=\"107\" src=\"https:\/\/waxi4.org\/wp-content\/uploads\/2021\/12\/Logo-UFHB_small.jpeg\" class=\"ha-logo-grid-img elementor-animation-\" alt=\"\" \/>                    <\/figure>\n                <\/a>\n                            <a class=\"ha-logo-grid-item ha-logo-grid-link\" href=\"https:\/\/www.univ-rennes1.fr\/\" target=\"_blank\" rel=\"nofollow\">\n                    <figure class=\"ha-logo-grid-figure\">\n                    <img loading=\"lazy\" decoding=\"async\" width=\"238\" height=\"87\" src=\"https:\/\/waxi4.org\/wp-content\/uploads\/2021\/12\/Universitty-of-Rennes.png\" class=\"ha-logo-grid-img elementor-animation-\" alt=\"\" \/>                    <\/figure>\n                <\/a>\n                            <a class=\"ha-logo-grid-item ha-logo-grid-link\" href=\"https:\/\/www.uam.edu.ne\/\" target=\"_blank\" rel=\"nofollow\">\n                    <figure class=\"ha-logo-grid-figure\">\n                    <img loading=\"lazy\" decoding=\"async\" width=\"180\" height=\"180\" src=\"https:\/\/waxi4.org\/wp-content\/uploads\/2021\/12\/University-Abdou-Moumouni-Niamey.png\" class=\"ha-logo-grid-img elementor-animation-\" alt=\"\" srcset=\"https:\/\/waxi4.org\/wp-content\/uploads\/2021\/12\/University-Abdou-Moumouni-Niamey.png 180w, https:\/\/waxi4.org\/wp-content\/uploads\/2021\/12\/University-Abdou-Moumouni-Niamey-150x150.png 150w\" sizes=\"(max-width: 180px) 100vw, 180px\" \/>                    <\/figure>\n                <\/a>\n                            <a class=\"ha-logo-grid-item ha-logo-grid-link\" href=\"https:\/\/www.univ-na.ci\/\" target=\"_blank\" rel=\"nofollow\">\n                    <figure class=\"ha-logo-grid-figure\">\n                    <img loading=\"lazy\" decoding=\"async\" width=\"200\" height=\"197\" src=\"https:\/\/waxi4.org\/wp-content\/uploads\/2021\/12\/University-Nangui-Abrogoua.png\" class=\"ha-logo-grid-img elementor-animation-\" alt=\"\" \/>                    <\/figure>\n                <\/a>\n                            <a class=\"ha-logo-grid-item ha-logo-grid-link\" href=\"https:\/\/www.ucad.sn\/\" target=\"_blank\" rel=\"nofollow\">\n                    <figure class=\"ha-logo-grid-figure\">\n                    <img loading=\"lazy\" decoding=\"async\" width=\"300\" height=\"67\" src=\"https:\/\/waxi4.org\/wp-content\/uploads\/2021\/12\/logo-1-300x67-1.png\" class=\"ha-logo-grid-img elementor-animation-\" alt=\"\" \/>                    <\/figure>\n                <\/a>\n                            <a class=\"ha-logo-grid-item ha-logo-grid-link\" href=\"https:\/\/univ-cotedazur.eu\/\" target=\"_blank\" rel=\"nofollow\">\n                    <figure class=\"ha-logo-grid-figure\">\n                    <img loading=\"lazy\" decoding=\"async\" width=\"250\" height=\"64\" src=\"https:\/\/waxi4.org\/wp-content\/uploads\/2021\/12\/Universite-Cote-dAzur.png\" class=\"ha-logo-grid-img elementor-animation-\" alt=\"\" \/>                    <\/figure>\n                <\/a>\n                            <a class=\"ha-logo-grid-item ha-logo-grid-link\" href=\"https:\/\/www.uchile.cl\/\" target=\"_blank\" rel=\"nofollow\">\n                    <figure class=\"ha-logo-grid-figure\">\n                    <img loading=\"lazy\" decoding=\"async\" width=\"250\" height=\"105\" src=\"https:\/\/waxi4.org\/wp-content\/uploads\/2021\/12\/University-of-Chile-1.png\" class=\"ha-logo-grid-img elementor-animation-\" alt=\"\" \/>                    <\/figure>\n                <\/a>\n                            <a class=\"ha-logo-grid-item ha-logo-grid-link\" href=\"https:\/\/www.ug.edu.gh\/\" target=\"_blank\" rel=\"nofollow\">\n                    <figure class=\"ha-logo-grid-figure\">\n                    <img loading=\"lazy\" decoding=\"async\" width=\"347\" height=\"110\" src=\"https:\/\/waxi4.org\/wp-content\/uploads\/2021\/12\/Uni-Ghana.png\" class=\"ha-logo-grid-img elementor-animation-\" alt=\"\" srcset=\"https:\/\/waxi4.org\/wp-content\/uploads\/2021\/12\/Uni-Ghana.png 347w, https:\/\/waxi4.org\/wp-content\/uploads\/2021\/12\/Uni-Ghana-300x95.png 300w\" sizes=\"(max-width: 347px) 100vw, 347px\" \/>                    <\/figure>\n                <\/a>\n                            <a class=\"ha-logo-grid-item ha-logo-grid-link\" href=\"https:\/\/www.ui.edu.ng\/\" target=\"_blank\" rel=\"nofollow\">\n                    <figure class=\"ha-logo-grid-figure\">\n                    <img loading=\"lazy\" decoding=\"async\" width=\"92\" height=\"105\" src=\"https:\/\/waxi4.org\/wp-content\/uploads\/2021\/12\/University-of-Ibaban-Nigeria.png\" class=\"ha-logo-grid-img elementor-animation-\" alt=\"\" \/>                    <\/figure>\n                <\/a>\n                            <a class=\"ha-logo-grid-item ha-logo-grid-link\" href=\"https:\/\/ujkz.bf\/\" target=\"_blank\" rel=\"nofollow\">\n                    <figure class=\"ha-logo-grid-figure\">\n                    <img loading=\"lazy\" decoding=\"async\" width=\"133\" height=\"136\" src=\"https:\/\/waxi4.org\/wp-content\/uploads\/2021\/12\/Ouagadougou.jpg\" class=\"ha-logo-grid-img elementor-animation-\" alt=\"\" \/>                    <\/figure>\n                <\/a>\n                            <a class=\"ha-logo-grid-item ha-logo-grid-link\" href=\"https:\/\/univ-lome.tg\/\" target=\"_blank\" rel=\"nofollow\">\n                    <figure class=\"ha-logo-grid-figure\">\n                    <img loading=\"lazy\" decoding=\"async\" width=\"1000\" height=\"473\" src=\"https:\/\/waxi4.org\/wp-content\/uploads\/2021\/12\/University-of-Lome.png\" class=\"ha-logo-grid-img elementor-animation-\" alt=\"\" srcset=\"https:\/\/waxi4.org\/wp-content\/uploads\/2021\/12\/University-of-Lome.png 1000w, https:\/\/waxi4.org\/wp-content\/uploads\/2021\/12\/University-of-Lome-300x142.png 300w, https:\/\/waxi4.org\/wp-content\/uploads\/2021\/12\/University-of-Lome-768x363.png 768w\" sizes=\"(max-width: 1000px) 100vw, 1000px\" \/>                    <\/figure>\n                <\/a>\n                            <a class=\"ha-logo-grid-item ha-logo-grid-link\" href=\"https:\/\/www.univ-lorraine.fr\/\" target=\"_blank\" rel=\"nofollow\">\n                    <figure class=\"ha-logo-grid-figure\">\n                    <img loading=\"lazy\" decoding=\"async\" width=\"138\" height=\"74\" src=\"https:\/\/waxi4.org\/wp-content\/uploads\/2021\/12\/Lorraine.png\" class=\"ha-logo-grid-img elementor-animation-\" alt=\"\" \/>                    <\/figure>\n                <\/a>\n                            <a class=\"ha-logo-grid-item ha-logo-grid-link\" href=\"https:\/\/univ-man.edu.ci\/\" target=\"_blank\" rel=\"nofollow\">\n                    <figure class=\"ha-logo-grid-figure\">\n                    <img loading=\"lazy\" decoding=\"async\" width=\"300\" height=\"158\" src=\"https:\/\/waxi4.org\/wp-content\/uploads\/2021\/12\/Universite-de-Man-1.png\" class=\"ha-logo-grid-img elementor-animation-\" alt=\"\" \/>                    <\/figure>\n                <\/a>\n                            <a class=\"ha-logo-grid-item ha-logo-grid-link\" href=\"https:\/\/www.univ-tlse3.fr\/\" target=\"_blank\" rel=\"nofollow\">\n                    <figure class=\"ha-logo-grid-figure\">\n                    <img loading=\"lazy\" decoding=\"async\" width=\"300\" height=\"107\" src=\"https:\/\/waxi4.org\/wp-content\/uploads\/2021\/12\/Uni-Paul-Sabitier.png\" class=\"ha-logo-grid-img elementor-animation-\" alt=\"\" \/>                    <\/figure>\n                <\/a>\n                            <a class=\"ha-logo-grid-item ha-logo-grid-link\" href=\"http:\/\/www.usttb.edu.ml\/\" target=\"_blank\" rel=\"nofollow\">\n                    <figure class=\"ha-logo-grid-figure\">\n                    <img loading=\"lazy\" decoding=\"async\" width=\"124\" height=\"107\" src=\"https:\/\/waxi4.org\/wp-content\/uploads\/2021\/12\/USTTB.png\" class=\"ha-logo-grid-img elementor-animation-\" alt=\"\" \/>                    <\/figure>\n                <\/a>\n                            <a class=\"ha-logo-grid-item ha-logo-grid-link\" href=\"https:\/\/www.utas.edu.au\/\" target=\"_blank\" rel=\"nofollow\">\n                    <figure class=\"ha-logo-grid-figure\">\n                    <img loading=\"lazy\" decoding=\"async\" width=\"250\" height=\"54\" src=\"https:\/\/waxi4.org\/wp-content\/uploads\/2021\/12\/University-of-Tasmania.png\" class=\"ha-logo-grid-img elementor-animation-\" alt=\"\" \/>                    <\/figure>\n                <\/a>\n                            <a class=\"ha-logo-grid-item ha-logo-grid-link\" href=\"https:\/\/www.utwente.nl\" target=\"_blank\" rel=\"nofollow\">\n                    <figure class=\"ha-logo-grid-figure\">\n                    <img loading=\"lazy\" decoding=\"async\" width=\"305\" height=\"95\" src=\"https:\/\/waxi4.org\/wp-content\/uploads\/2021\/12\/University-of-Twente.png\" class=\"ha-logo-grid-img elementor-animation-\" alt=\"\" srcset=\"https:\/\/waxi4.org\/wp-content\/uploads\/2021\/12\/University-of-Twente.png 305w, https:\/\/waxi4.org\/wp-content\/uploads\/2021\/12\/University-of-Twente-300x93.png 300w\" sizes=\"(max-width: 305px) 100vw, 305px\" \/>                    <\/figure>\n                <\/a>\n                            <a class=\"ha-logo-grid-item ha-logo-grid-link\" href=\"https:\/\/www.uwa.edu.au\/\" target=\"_blank\" rel=\"nofollow\">\n                    <figure class=\"ha-logo-grid-figure\">\n                    <img loading=\"lazy\" decoding=\"async\" width=\"300\" height=\"98\" src=\"https:\/\/waxi4.org\/wp-content\/uploads\/2021\/12\/UWA.png\" class=\"ha-logo-grid-img elementor-animation-\" alt=\"\" \/>                    <\/figure>\n                <\/a>\n                    <\/div>\n\n        \t\t\t\t<\/div>\n\t\t\t\t<\/div>\n\t\t\t\t\t<\/div>\n\t\t<\/div>\n\t\t\t\t\t<\/div>\n\t\t<\/section>\n\t\t\t\t\t<\/div>\n\t\t<\/div>\n\t\t\t\t\t<\/div>\n\t\t<\/section>\n\t\t\t\t<\/div>","protected":false},"excerpt":{"rendered":"<p>Research Groups The research and capacity building partners involved in Stage 4 of the project are:<\/p>","protected":false},"author":1,"featured_media":0,"parent":13,"menu_order":3,"comment_status":"closed","ping_status":"closed","template":"elementor_header_footer","meta":{"footnotes":""},"class_list":["post-29","page","type-page","status-publish","hentry"],"_links":{"self":[{"href":"https:\/\/waxi4.org\/fr\/wp-json\/wp\/v2\/pages\/29","targetHints":{"allow":["GET"]}}],"collection":[{"href":"https:\/\/waxi4.org\/fr\/wp-json\/wp\/v2\/pages"}],"about":[{"href":"https:\/\/waxi4.org\/fr\/wp-json\/wp\/v2\/types\/page"}],"author":[{"embeddable":true,"href":"https:\/\/waxi4.org\/fr\/wp-json\/wp\/v2\/users\/1"}],"replies":[{"embeddable":true,"href":"https:\/\/waxi4.org\/fr\/wp-json\/wp\/v2\/comments?post=29"}],"version-history":[{"count":1,"href":"https:\/\/waxi4.org\/fr\/wp-json\/wp\/v2\/pages\/29\/revisions"}],"predecessor-version":[{"id":50748,"href":"https:\/\/waxi4.org\/fr\/wp-json\/wp\/v2\/pages\/29\/revisions\/50748"}],"up":[{"embeddable":true,"href":"https:\/\/waxi4.org\/fr\/wp-json\/wp\/v2\/pages\/13"}],"wp:attachment":[{"href":"https:\/\/waxi4.org\/fr\/wp-json\/wp\/v2\/media?parent=29"}],"curies":[{"name":"wp","href":"https:\/\/api.w.org\/{rel}","templated":true}]}}