{"id":31,"date":"2021-11-29T07:25:51","date_gmt":"2021-11-29T07:25:51","guid":{"rendered":"https:\/\/waxi4.org\/?page_id=31"},"modified":"2025-05-20T11:53:42","modified_gmt":"2025-05-20T03:53:42","slug":"professional-training-courses","status":"publish","type":"page","link":"https:\/\/waxi4.org\/fr\/capacity-building\/professional-training-courses\/","title":{"rendered":"Formation professionnelles"},"content":{"rendered":"<div data-elementor-type=\"wp-page\" data-elementor-id=\"31\" class=\"elementor elementor-31\" data-elementor-settings=\"{&quot;ha_cmc_init_switcher&quot;:&quot;no&quot;}\" data-elementor-post-type=\"page\">\n\t\t\t\t\t\t<section class=\"elementor-section elementor-top-section elementor-element elementor-element-58ded2a elementor-section-stretched elementor-section-content-middle elementor-section-boxed elementor-section-height-default elementor-section-height-default\" data-id=\"58ded2a\" data-element_type=\"section\" data-e-type=\"section\" data-settings=\"{&quot;stretch_section&quot;:&quot;section-stretched&quot;}\">\n\t\t\t\t\t\t<div class=\"elementor-container elementor-column-gap-wider\">\n\t\t\t\t\t<div class=\"elementor-column elementor-col-100 elementor-top-column elementor-element elementor-element-d28d531\" data-id=\"d28d531\" data-element_type=\"column\" data-e-type=\"column\">\n\t\t\t<div class=\"elementor-widget-wrap elementor-element-populated\">\n\t\t\t\t\t\t<section class=\"elementor-section elementor-inner-section elementor-element elementor-element-2f8a204 elementor-section-boxed elementor-section-height-default elementor-section-height-default\" data-id=\"2f8a204\" data-element_type=\"section\" data-e-type=\"section\">\n\t\t\t\t\t\t<div class=\"elementor-container elementor-column-gap-wider\">\n\t\t\t\t\t<div class=\"elementor-column elementor-col-100 elementor-inner-column elementor-element elementor-element-cf80fdc\" data-id=\"cf80fdc\" data-element_type=\"column\" data-e-type=\"column\">\n\t\t\t<div class=\"elementor-widget-wrap elementor-element-populated\">\n\t\t\t\t\t\t<div class=\"elementor-element elementor-element-bb9d012 elementor-widget elementor-widget-heading\" data-id=\"bb9d012\" data-element_type=\"widget\" data-e-type=\"widget\" data-widget_type=\"heading.default\">\n\t\t\t\t<div class=\"elementor-widget-container\">\n\t\t\t\t\t<h4 class=\"elementor-heading-title elementor-size-default\">Formation professionnelles<\/h4>\t\t\t\t<\/div>\n\t\t\t\t<\/div>\n\t\t\t\t<div class=\"elementor-element elementor-element-11c7025 elementor-widget elementor-widget-spacer\" data-id=\"11c7025\" data-element_type=\"widget\" data-e-type=\"widget\" data-widget_type=\"spacer.default\">\n\t\t\t\t<div class=\"elementor-widget-container\">\n\t\t\t\t\t\t\t<div class=\"elementor-spacer\">\n\t\t\t<div class=\"elementor-spacer-inner\"><\/div>\n\t\t<\/div>\n\t\t\t\t\t\t<\/div>\n\t\t\t\t<\/div>\n\t\t\t\t<div class=\"elementor-element elementor-element-9f80f66 elementor-widget elementor-widget-heading\" data-id=\"9f80f66\" data-element_type=\"widget\" data-e-type=\"widget\" data-widget_type=\"heading.default\">\n\t\t\t\t<div class=\"elementor-widget-container\">\n\t\t\t\t\t<h4 class=\"elementor-heading-title elementor-size-default\"><a href=\"http:\/\/agate-project.org\" target=\"_blank\">Ces cours professionnels r\u00e9pondent aux besoins de l'industrie et soutiennent les programmes de d\u00e9veloppement professionnel. DANS WAXI 4, ce travail est entrepris en collaboration avec Agate Project.<\/a><\/h4>\t\t\t\t<\/div>\n\t\t\t\t<\/div>\n\t\t\t\t<div class=\"elementor-element elementor-element-55f875f elementor-widget elementor-widget-spacer\" data-id=\"55f875f\" data-element_type=\"widget\" data-e-type=\"widget\" data-widget_type=\"spacer.default\">\n\t\t\t\t<div class=\"elementor-widget-container\">\n\t\t\t\t\t\t\t<div class=\"elementor-spacer\">\n\t\t\t<div class=\"elementor-spacer-inner\"><\/div>\n\t\t<\/div>\n\t\t\t\t\t\t<\/div>\n\t\t\t\t<\/div>\n\t\t\t\t<div class=\"elementor-element elementor-element-4d68f07 elementor-widget elementor-widget-heading\" data-id=\"4d68f07\" data-element_type=\"widget\" data-e-type=\"widget\" data-widget_type=\"heading.default\">\n\t\t\t\t<div class=\"elementor-widget-container\">\n\t\t\t\t\t<h4 class=\"elementor-heading-title elementor-size-default\"><a href=\"https:\/\/agate-project.org\/training-courses\/short-courses\/\">To view our training courses available in 2025, visit the Agate Project website<\/a><\/h4>\t\t\t\t<\/div>\n\t\t\t\t<\/div>\n\t\t\t\t<div class=\"elementor-element elementor-element-66a1c3c elementor-widget elementor-widget-spacer\" data-id=\"66a1c3c\" data-element_type=\"widget\" data-e-type=\"widget\" data-widget_type=\"spacer.default\">\n\t\t\t\t<div class=\"elementor-widget-container\">\n\t\t\t\t\t\t\t<div class=\"elementor-spacer\">\n\t\t\t<div class=\"elementor-spacer-inner\"><\/div>\n\t\t<\/div>\n\t\t\t\t\t\t<\/div>\n\t\t\t\t<\/div>\n\t\t\t\t<div class=\"elementor-element elementor-element-fec3853 elementor-widget elementor-widget-text-editor\" data-id=\"fec3853\" data-element_type=\"widget\" data-e-type=\"widget\" data-widget_type=\"text-editor.default\">\n\t\t\t\t<div class=\"elementor-widget-container\">\n\t\t\t\t\t\t\t\t\t<p>Les cours pr\u00e9c\u00e9dents ont inclus:<\/p><ul><li>Analyse structurelle et interpr\u00e9tation des ensembles de donn\u00e9es g\u00e9ophysiques r\u00e9gionales (\u00e9chelle r\u00e9gionale du terrain)<\/li><li>T\u00e9l\u00e9d\u00e9tection<\/li><li>G\u00e9ochimie d'exploration (techniques de laboratoire)<\/li><li>G\u00e9ologie du gisement<\/li><li>Techniques dans l'\u00e9tude des gisements<\/li><li>Mod\u00e9lisation 3D<\/li><li>G\u00e9ologie mini\u00e8re appliqu\u00e9e, tenue sur les sites miniers<\/li><li>Cartographie de terrain<\/li><li>G\u00e9ochimie d'exploration (terrain)<\/li><li>G\u00e9omorphologie de terrain et cartographie de la r\u00e9golithe<\/li><li>G\u00e9otraverses sur le terrain et visites de mines<\/li><li>Analyse de bassin dans les successions s\u00e9dimentaires et volcaniques<\/li><\/ul>\t\t\t\t\t\t\t\t<\/div>\n\t\t\t\t<\/div>\n\t\t\t\t\t<\/div>\n\t\t<\/div>\n\t\t\t\t\t<\/div>\n\t\t<\/section>\n\t\t\t\t\t<\/div>\n\t\t<\/div>\n\t\t\t\t\t<\/div>\n\t\t<\/section>\n\t\t\t\t<\/div>","protected":false},"excerpt":{"rendered":"<p>Professional Training Courses These professional courses respond to industry needs and support professional development programs. IN WAXI 4 this work is being undertaken in collaboration with Agate Project. To view our training courses available in 2025, visit the Agate Project website Past courses have included: Structural analysis &amp; Interpretation of regional geophysical datasets (regional field&hellip;<\/p>","protected":false},"author":1,"featured_media":0,"parent":15,"menu_order":1,"comment_status":"closed","ping_status":"closed","template":"elementor_header_footer","meta":{"footnotes":""},"class_list":["post-31","page","type-page","status-publish","hentry"],"_links":{"self":[{"href":"https:\/\/waxi4.org\/fr\/wp-json\/wp\/v2\/pages\/31","targetHints":{"allow":["GET"]}}],"collection":[{"href":"https:\/\/waxi4.org\/fr\/wp-json\/wp\/v2\/pages"}],"about":[{"href":"https:\/\/waxi4.org\/fr\/wp-json\/wp\/v2\/types\/page"}],"author":[{"embeddable":true,"href":"https:\/\/waxi4.org\/fr\/wp-json\/wp\/v2\/users\/1"}],"replies":[{"embeddable":true,"href":"https:\/\/waxi4.org\/fr\/wp-json\/wp\/v2\/comments?post=31"}],"version-history":[{"count":28,"href":"https:\/\/waxi4.org\/fr\/wp-json\/wp\/v2\/pages\/31\/revisions"}],"predecessor-version":[{"id":51625,"href":"https:\/\/waxi4.org\/fr\/wp-json\/wp\/v2\/pages\/31\/revisions\/51625"}],"up":[{"embeddable":true,"href":"https:\/\/waxi4.org\/fr\/wp-json\/wp\/v2\/pages\/15"}],"wp:attachment":[{"href":"https:\/\/waxi4.org\/fr\/wp-json\/wp\/v2\/media?parent=31"}],"curies":[{"name":"wp","href":"https:\/\/api.w.org\/{rel}","templated":true}]}}