{"id":50,"date":"2021-11-30T02:26:27","date_gmt":"2021-11-30T02:26:27","guid":{"rendered":"https:\/\/waxi4.org\/?page_id=50"},"modified":"2025-09-12T10:32:47","modified_gmt":"2025-09-12T02:32:47","slug":"theses","status":"publish","type":"page","link":"https:\/\/waxi4.org\/fr\/publications\/theses\/","title":{"rendered":"Th\u00e8ses"},"content":{"rendered":"<div data-elementor-type=\"wp-page\" data-elementor-id=\"50\" class=\"elementor elementor-50\" data-elementor-settings=\"{&quot;ha_cmc_init_switcher&quot;:&quot;no&quot;}\" data-elementor-post-type=\"page\">\n\t\t\t\t\t\t<section class=\"elementor-section elementor-top-section elementor-element elementor-element-d02179b elementor-section-stretched elementor-section-content-middle elementor-section-boxed elementor-section-height-default elementor-section-height-default\" data-id=\"d02179b\" data-element_type=\"section\" data-e-type=\"section\" data-settings=\"{&quot;stretch_section&quot;:&quot;section-stretched&quot;}\">\n\t\t\t\t\t\t<div class=\"elementor-container elementor-column-gap-wider\">\n\t\t\t\t\t<div class=\"elementor-column elementor-col-100 elementor-top-column elementor-element elementor-element-7c18eff\" data-id=\"7c18eff\" data-element_type=\"column\" data-e-type=\"column\">\n\t\t\t<div class=\"elementor-widget-wrap elementor-element-populated\">\n\t\t\t\t\t\t<section class=\"elementor-section elementor-inner-section elementor-element elementor-element-86819a0 elementor-section-boxed elementor-section-height-default elementor-section-height-default\" data-id=\"86819a0\" data-element_type=\"section\" data-e-type=\"section\">\n\t\t\t\t\t\t<div class=\"elementor-container elementor-column-gap-wider\">\n\t\t\t\t\t<div class=\"elementor-column elementor-col-100 elementor-inner-column elementor-element elementor-element-0e0fdee\" data-id=\"0e0fdee\" data-element_type=\"column\" data-e-type=\"column\">\n\t\t\t<div class=\"elementor-widget-wrap elementor-element-populated\">\n\t\t\t\t\t\t<div class=\"elementor-element elementor-element-8975d9f elementor-widget elementor-widget-heading\" data-id=\"8975d9f\" data-element_type=\"widget\" data-e-type=\"widget\" data-widget_type=\"heading.default\">\n\t\t\t\t<div class=\"elementor-widget-container\">\n\t\t\t\t\t<h4 class=\"elementor-heading-title elementor-size-default\">Th\u00e8ses<\/h4>\t\t\t\t<\/div>\n\t\t\t\t<\/div>\n\t\t\t\t<div class=\"elementor-element elementor-element-ed87a47 elementor-widget elementor-widget-spacer\" data-id=\"ed87a47\" data-element_type=\"widget\" data-e-type=\"widget\" data-widget_type=\"spacer.default\">\n\t\t\t\t<div class=\"elementor-widget-container\">\n\t\t\t\t\t\t\t<div class=\"elementor-spacer\">\n\t\t\t<div class=\"elementor-spacer-inner\"><\/div>\n\t\t<\/div>\n\t\t\t\t\t\t<\/div>\n\t\t\t\t<\/div>\n\t\t\t\t<div class=\"elementor-element elementor-element-826b89c elementor-widget elementor-widget-text-editor\" data-id=\"826b89c\" data-element_type=\"widget\" data-e-type=\"widget\" data-widget_type=\"text-editor.default\">\n\t\t\t\t<div class=\"elementor-widget-container\">\n\t\t\t\t\t\t\t\t\t<div>\n<div>\n<div>\n<div>\n<div>\n<div>\n<div>\n<div>\n<ol>\n<li><a href=\"https:\/\/www.tectonique.net\/waxi_theses\/2007_Tshibubudze_THE MARKOYE FAULT_2007.pdf\" target=\"_blank\" rel=\"noopener\">Relative Timing of Structural Events: The Markoye Fault and its Association to Gold Mineralisation. Hons, 2007, A. Tshibubudze<\/a><\/li>\n<li><a href=\"https:\/\/www.tectonique.net\/waxi_theses\/2010_Mohale_GIS interpretation of NE Burkina Faso.pdf\" target=\"_blank\" rel=\"noopener\">GIS interpretation of NE Burkina Faso using Landsat imagery combined with radiometric and magnetic data. Hons, 2010, M. Mohale<\/a><\/li>\n<li><a href=\"https:\/\/www.tectonique.net\/waxi_theses\/2011_Fougerouse_Masters_thesis.pdf\" target=\"_blank\" rel=\"noopener\">Le gisement d\u2019or d\u2019Inata (Burkina Faso) : timing de la phase aurif\u00e8re. MSc, 2011, D. Fougerouse<\/a><\/li>\n<li><a href=\"https:\/\/www.tectonique.net\/waxi_theses\/2011_Le_Mignot_Masters_thesis.pdf\" target=\"_blank\" rel=\"noopener\">Les gisements Cu-Au de Gongondy, Dienemera et Mont Biri dans le district de Gaoua (Burkina Faso): Un porphyre aurif\u00e8re birimien? MSc, 2011, E. Le Mignot<\/a><\/li>\n<li><a href=\"https:\/\/www.tectonique.net\/waxi_theses\/2011_Metelka_Thesis_w_appendices.pdf\" target=\"_blank\" rel=\"noopener\">Application des m\u00e9thodes de g\u00e9ophysique et de t\u00e9l\u00e9d\u00e9tection \u00e0 l\u2019analyse du r\u00e9golithe et de la g\u00e9ologie du Burkina Faso, Afrique de l\u2019Ouest. PhD, 2011, V. Metelka<\/a><\/li>\n<li><a href=\"https:\/\/www.tectonique.net\/waxi_theses\/2011_Peters_East Markoye_2011.pdf\" target=\"_blank\" rel=\"noopener\">The Geology of the East Markoye Region in the Oudalan-Gourouol Greenstone Belt, North-East Burkina Faso. Hons, 2011, L. Peters<\/a><\/li>\n<li><a href=\"https:\/\/www.tectonique.net\/waxi_theses\/2011_Sangar\u00e9_Masters_thesis_2011.pdf\" target=\"_blank\" rel=\"noopener\">Fluid circulation related to deformation stages and Au mineralizations (Inata, North pit). MSc, 2011, S. Sangar\u00e9<\/a><\/li>\n<li><a href=\"https:\/\/www.tectonique.net\/waxi_theses\/2011_Woolfe_The stratigraphy and metamorphic facies of the KEMB.pdf\" target=\"_blank\" rel=\"noopener\">The stratigraphy and metamorphic facies of the Kel Enguef metamorphic belt near Gorom Gorom, NE Burkina Faso. Hons, 2011, A. Woolfe<\/a><\/li>\n<li><a href=\"https:\/\/www.tectonique.net\/waxi_theses\/2012_Lindsay_thesis_final.pdf\" target=\"_blank\" rel=\"noopener\">Enhancing potential field inversion techniques using geological uncertainty: Improving three-dimensional geological models. PhD, 2012, M. Lindsay<\/a><\/li>\n<li><a href=\"https:\/\/www.tectonique.net\/waxi_theses\/2012_perrouty_thesis_final.pdf\" target=\"_blank\" rel=\"noopener\">Evolution structurelle de la Ceinture Min\u00e9ralis\u00e9e d\u2019Ashanti, SO Ghana. PhD, 2012, S. Perrouty<\/a><\/li>\n<li><a href=\"https:\/\/www.tectonique.net\/waxi_theses\/2012_Simoko_Petrology, geochemistry and structure of the Pissila batholith and the Saaba Zone gneiss.pdf\" target=\"_blank\" rel=\"noopener\">Petrology, geochemistry and structure of the Pissila batholith and the Saaba Zone gneiss. Hons, 2012, Simoko<\/a><\/li>\n<li><a href=\"https:\/\/www.tectonique.net\/waxi_theses\/2013_Arhin.pdf\" target=\"_blank\" rel=\"noopener\">Use of Regolith Geochemistry to Delineate Gold Mineralisation under Cover: A Case Study in the Lawra Belt, NW Ghana. PhD, 2013, E. Arhin<\/a><\/li>\n<li><a href=\"https:\/\/www.tectonique.net\/waxi_theses\/2013_FUNYUFUNYU.pdf\" target=\"_blank\" rel=\"noopener\">Artisanal mining in the Dem region, Burkina Faso: the mining, processing and production of iron ore. Hons, 2013, T. Funyufunyu<\/a><\/li>\n<li><a href=\"https:\/\/www.tectonique.net\/waxi_theses\/2013_Peters.pdf\">The Volcanology, Geochemistry and Metallogenic Potential of the Goren Volcano-Sedimentary Belt, Northeast Burkina Faso, West Africa. MSc, 2013, L. Peters<\/a><\/li>\n<li><a href=\"https:\/\/www.tectonique.net\/waxi_theses\/2013_Ramabulana_Sadiola Hill petrology.pdf\">Ore Genesis and Modelling of the Sadiola Hill Gold Mine, Mali. Hons, 2013, R. Tshifularo<\/a><\/li>\n<li><a href=\"https:\/\/www.tectonique.net\/waxi_theses\/2014_Block_thesis.pdf\">Evolution g\u00e9odynamique du craton Ouest Africain au nord du Ghana. PhD 2014 S. Block<\/a><\/li>\n<li><a href=\"https:\/\/www.tectonique.net\/waxi_theses\/2014_GrimaudTheseOMP.pdf\">Dynamique long-terme de l\u2019\u00e9rosion en contexte cratonique : l\u2019Afrique de l\u2019Ouest depuis l\u2019Eoc\u00e8ne. PhD, 2014, J.L. Grimaud<\/a><\/li>\n<li><a href=\"https:\/\/www.tectonique.net\/waxi_theses\/2014_Le_Mignot_deposit_geochron.pdf\">Les gisements d\u2019or comme t\u00e9moins de \u2018histoire g\u00e9ologique du craton ouest-africain. PhD, 2014, E. Le Mignot<\/a><\/li>\n<li><a href=\"https:\/\/www.dropbox.com\/s\/xeygxfmxsvw6bz1\/2015_Amponsah_NW_Ghana.pdf?dl=0\" target=\"_blank\" rel=\"noopener\">Etude comparative des structures et des alt\u00e9rations associ\u00e9es aux min\u00e9ralisations aurif\u00e8res de la r\u00e9gion de Wa-Lawra, NW Ghana. PhD, 2015, P. Amponsah<\/a><\/li>\n<li><a href=\"https:\/\/www.dropbox.com\/s\/4pri6uxp3ps61vy\/2015_Fougerouse_Geometry%20and%20genesis%20of%20the%20giant%20Obuasi%20gold%20deposit%2C%20Ghana%20revised.pdf?dl=0\" target=\"_blank\" rel=\"noopener\">Geometry and genesis of the giant Obuasi gold deposit, Ghana. PhD, 2015, D. Fougerouse<\/a><\/li>\n<li><a href=\"https:\/\/www.tectonique.net\/waxi_theses\/2015_Kone_Saraya.pdf\">Signification de l\u2019h\u00e9ritage structural et m\u00e9tamorphique de la s\u00e9rie m\u00e9tas\u00e9dimentaire encaissant du pluton de granite de Saraya (S\u00e9n\u00e9gal Oriental). MSc, 2015, J. Kone<\/a><\/li>\n<li><a href=\"https:\/\/www.dropbox.com\/s\/gh0ypsid1mjkd0g\/2015_LeBrun_Siguiri.pdf?dl=0\" target=\"_blank\" rel=\"noopener\">4D Evolution of the Orogenic Gold District of Siguiri, Guinea (West Africa). PhD, 2015, E. LeBrun<\/a><\/li>\n<li><a href=\"https:\/\/www.tectonique.net\/waxi_theses\/2015_LEFEBVRE Marie.pdf\">Tra\u00e7age des fluides min\u00e9ralisateurs dans les gisements d\u2019or orog\u00e9nique pal\u00e9oprot\u00e9rozo\u00efques par l\u2019analyse cristallochimique et isotopique des tourmalines. MSc, 2015, M. Lefebvre<\/a><\/li>\n<li><a href=\"https:\/\/www.dropbox.com\/s\/6kfk4um78a644da\/2016_JMarkov_Siguiri_final.pdf?dl=0\" target=\"_blank\" rel=\"noopener\">Understanding the Influence of Noise on Aeromagnetic Data Interpretation Tools: Application to Structural Interpretation of the Siguiri Basin, Guinea, West Africa. PhD, 2015, J. Markov<\/a><\/li>\n<li><a href=\"https:\/\/www.dropbox.com\/s\/4n6173raqagov58\/2016_Parra-Villa_4D%20Evolution%20of%20the%20Paleoproterozoic%20WAC.pdf?dl=0\" target=\"_blank\" rel=\"noopener\">4D Evolution of the Paleoproterozoic Baoul\u00e9-Mossi Domain of the West African Craton. PhD, 2015, L. Parra-Villa<\/a><\/li>\n<li><a href=\"https:\/\/www.tectonique.net\/waxi_theses\/2015_Tshibubudze.pdf\">Integrated strato-tectonic, U-Pb geochronology and metallogenic studies of the Oudalan-Gorouol volcano-sedimentary Belt (OGB) and the Gorom-Gorom granitoid terrane (GGGT), Burkina Faso and Niger, West Africa. PhD, 2015, A. Tshibubudze<\/a><\/li>\n<li><a href=\"https:\/\/www.dropbox.com\/s\/nd3lvlp7shpk685\/2016_Feng.pdf?dl=0\" target=\"_blank\" rel=\"noopener\">Modelisation numerique des failles decrochantes et des effets de&nbsp;compression a grande echelle \u2013 Cas d\u2019etude en Afrique de l\u2019Ouest et&nbsp;Nouvelle Zelande. PhD. 2016. X. Feng<\/a><\/li>\n<li>Understanding the Influence of Noise on Aeromagnetic Data Interpretation Tools: Application to Structural Interpretation of the Siguiri Basin, Guinea, West Africa 2016&nbsp;J. Markov&nbsp;<\/li>\n<li>4D Evolution of the Paleoproterozoic WAC 2016&nbsp;Parra-Avlla&nbsp;<\/li>\n<li>Minerogeny of the Pan-African Volta Basin, Ghana 2017&nbsp;Kwame Boamah<\/li>\n<li>The geodynamic and tectonic evolution of the Palaeoproterozoic Sefwi Greenstone Belt, West African Craton 2017&nbsp;McFarlaneHB PhD thesis&nbsp;<\/li>\n<li>Plutons granitiques de Djibo Th\u00e8se 2017&nbsp;S\u00e2ga Sawadogo<\/li>\n<li>Distributions Multi-Echelles de K, Th Et U Dans Des Granitoides Paleoproterozoiques de la Boutonniere de Kedougou-Kenieba (S\u00e9n\u00e9gal Oriental) 2018&nbsp;Fall<\/li>\n<li>The geodynamic evolution of a Paleoproterozoic orogenic system \u2013 a local to global perspective on the ca. 2.27-1.96 Ga Birimian Orogen in the Baoul\u00e9 Mossi domain of West Africa 2018&nbsp; M. Grenholm<\/li>\n<li>Field studies west of Pibaore in the SE Goren greenstone belt 2018&nbsp;Punadi<\/li>\n<li>Les Plutons Granitiques de la Ceinture de Djibo au Nord du Burkina Faso (Afrique de l\u2019ouest) : m\u00e9canisme de mise en place et implications dans l\u2019\u00e9volution g\u00e9odynamique de la ceinture 2018&nbsp;Sawadago<\/li>\n<li>Evolution Tectonique de la Partie Malienne de la Boutonni\u00e8re de K\u00e9dougou-K\u00e9ni\u00e9ba (BKK): Implication pour la min\u00e9ralisation en Or. 2019&nbsp;Diallo<\/li>\n<li>Etude p\u00e9trologique dans la r\u00e9gion aurif\u00e8re de Tenkoto 2019&nbsp;L\u00e9o Fourniols-M\u00e9moire<\/li>\n<li>Traitement de Donn\u00e9es Topographiques SRTM pour l\u2019\u00e9tablissement d\u2019une Carte de Rugosit\u00e9 sur L\u2019Afrique de l\u2019ouest 2019&nbsp;Niang Ibrahima<\/li>\n<li>Rugosit\u00e9 des surfaces du craton ouest-africain Exemple du Mali 2019&nbsp;Omar Maiga<\/li>\n<li>Les Complexes mafiques et ultramafiques birimiens de la ceinture de Mako (S\u00e9n\u00e9gal oriental) t\u00e9moins d&#8217;une \u00e9volution d&#8217;un domaine intra-oc\u00e9anique vers un domaine d&#8217;arc insulaire These 2019&nbsp;Ibrahima LABOU&nbsp;<\/li>\n<li>Evolution Tectono-Metamorphique du Craton Ouest Africain : Exemple du Secteur de Grand Bereby a Sassandra (Sud-Ouest de la C\u00f4te D\u2019ivoire) 2019&nbsp;KOFFI Augustin PhD<\/li>\n<li>Litho-tectonic evolution and metallogeny of the Yaour\u00e9&nbsp;gold camp, C\u00f4te d&#8217;Ivoire West Africa: Integration into the southern West African Craton evolution 2020&nbsp;MERIAUD Nicolas&nbsp;<\/li>\n<li>Structure et m\u00e9tamorphisme de la ceinture Eburn\u00e9enne au S\u00e9n\u00e9gal oriental. Signification en termes de contexte tectonique et de l\u2019\u00e9volution thermom\u00e9canique de la croute Eburn\u00e9enne. 2020&nbsp;Jacques KONE<\/li>\n<li>Volcanic Architecture of the Hounde and Boromo Greenstone Belts 2021&nbsp;Gloria Awo Senyah&nbsp;<\/li>\n<li>\u00c9tude Lithostratigraphique et g\u00e9ochimique du Projet Aurif\u00e8re de S\u00e9gu\u00e9la 2022&nbsp;Lo\u00efc Amoih<\/li>\n<li>Structural and Alteration Controls on Gold Mineralization in the Rhyacian Rocks of the Josephine Deposit, NW Ghana 2022&nbsp;ATANGA MPHIL THESIS&nbsp;<\/li>\n<li>Caracteristation Petrostructurale et Geochimique de la Mineralisation Aurifere de Gbampleu, District d\u2019ity (Cote D\u2019ivoire) 2023&nbsp;CHARVET Valentine MSC thesis&nbsp;<\/li>\n<li>Spatialisation et corr\u00e9lation de donn\u00e9es g\u00e9ologiques et g\u00e9ochimiques du district aurif\u00e8re d\u2019Ity (C\u00f4te d\u2019Ivoire) : l\u2019exemple du gisement de Walter-Bakatouo 2024&nbsp;BARTHES Guilhem MSC thesis<\/li>\n<li>Tanda-Iguela deposit (Ivory-Coast): Orogenic gold or placer deposit (Tarkwa type) 2024&nbsp;HAFIANE Yazid MSC thesis<\/li>\n<li>Mineral paragenesis, controls on mineralisation and geochronological constraints on the Paleoproterozoic Kobada gold deposit, Tarkwa mine, Ghana 2024&nbsp;Song MScThesis Kobada&nbsp;<\/li>\n<li>Caract\u00e9risation min\u00e9ralogique et contraintes g\u00e9ochronologiques des \u00e9v\u00e9nements hydrothermaux du Craton Ouest-Africain : Applications sur les gisements aurif\u00e8res de Tanda et Odienn\u00e9 (C\u00f4te d\u2019Ivoire) 2025 LE DIOURIS Amaury MSC thesis&nbsp;<\/li>\n<\/ol>\n<\/div>\n<\/div>\n<\/div>\n<\/div>\n<\/div>\n<\/div>\n<\/div>\n<\/div>\t\t\t\t\t\t\t\t<\/div>\n\t\t\t\t<\/div>\n\t\t\t\t\t<\/div>\n\t\t<\/div>\n\t\t\t\t\t<\/div>\n\t\t<\/section>\n\t\t\t\t\t<\/div>\n\t\t<\/div>\n\t\t\t\t\t<\/div>\n\t\t<\/section>\n\t\t\t\t<\/div>","protected":false},"excerpt":{"rendered":"<p>Theses Relative Timing of Structural Events: The Markoye Fault and its Association to Gold Mineralisation. Hons, 2007, A. Tshibubudze GIS interpretation of NE Burkina Faso using Landsat imagery combined with radiometric and magnetic data. Hons, 2010, M. Mohale Le gisement d\u2019or d\u2019Inata (Burkina Faso) : timing de la phase aurif\u00e8re. MSc, 2011, D. Fougerouse Les&hellip;<\/p>","protected":false},"author":1,"featured_media":0,"parent":17,"menu_order":2,"comment_status":"closed","ping_status":"closed","template":"elementor_header_footer","meta":{"footnotes":""},"class_list":["post-50","page","type-page","status-publish","hentry"],"_links":{"self":[{"href":"https:\/\/waxi4.org\/fr\/wp-json\/wp\/v2\/pages\/50","targetHints":{"allow":["GET"]}}],"collection":[{"href":"https:\/\/waxi4.org\/fr\/wp-json\/wp\/v2\/pages"}],"about":[{"href":"https:\/\/waxi4.org\/fr\/wp-json\/wp\/v2\/types\/page"}],"author":[{"embeddable":true,"href":"https:\/\/waxi4.org\/fr\/wp-json\/wp\/v2\/users\/1"}],"replies":[{"embeddable":true,"href":"https:\/\/waxi4.org\/fr\/wp-json\/wp\/v2\/comments?post=50"}],"version-history":[{"count":10,"href":"https:\/\/waxi4.org\/fr\/wp-json\/wp\/v2\/pages\/50\/revisions"}],"predecessor-version":[{"id":51665,"href":"https:\/\/waxi4.org\/fr\/wp-json\/wp\/v2\/pages\/50\/revisions\/51665"}],"up":[{"embeddable":true,"href":"https:\/\/waxi4.org\/fr\/wp-json\/wp\/v2\/pages\/17"}],"wp:attachment":[{"href":"https:\/\/waxi4.org\/fr\/wp-json\/wp\/v2\/media?parent=50"}],"curies":[{"name":"wp","href":"https:\/\/api.w.org\/{rel}","templated":true}]}}